{"id":1179,"date":"2025-09-05T17:38:58","date_gmt":"2025-09-05T15:38:58","guid":{"rendered":"https:\/\/www.1990boutiquemx.com.mx\/wp\/?post_type=product&#038;p=1179"},"modified":"2025-09-22T23:03:16","modified_gmt":"2025-09-22T21:03:16","slug":"aretes-corazon-trenzado","status":"publish","type":"product","link":"https:\/\/www.1990boutiquemx.com.mx\/wp\/producto\/aretes-corazon-trenzado\/","title":{"rendered":"Aretes Coraz\u00f3n Trenzado"},"content":{"rendered":"<p>Rom\u00e1nticos y detallados, estos aretes tienen un dise\u00f1o trenzado que simboliza conexi\u00f3n. Su acabado chapado en oro y trabajo artesanal los hace \u00fanicos y especiales.<\/p>\n","protected":false},"excerpt":{"rendered":"<p>Aretes artesanales con corazones trenzados, rom\u00e1nticos y \u00fanicos.<\/p>\n","protected":false},"featured_media":811,"comment_status":"open","ping_status":"closed","template":"","meta":{"_surecart_dashboard_logo_width":"180px","_surecart_dashboard_show_logo":true,"_surecart_dashboard_navigation_orders":true,"_surecart_dashboard_navigation_invoices":true,"_surecart_dashboard_navigation_subscriptions":true,"_surecart_dashboard_navigation_downloads":true,"_surecart_dashboard_navigation_billing":true,"_surecart_dashboard_navigation_account":true,"_uag_custom_page_level_css":"","site-sidebar-layout":"default","site-content-layout":"","ast-site-content-layout":"default","site-content-style":"default","site-sidebar-style":"default","ast-global-header-display":"","ast-banner-title-visibility":"","ast-main-header-display":"","ast-hfb-above-header-display":"","ast-hfb-below-header-display":"","ast-hfb-mobile-header-display":"","site-post-title":"","ast-breadcrumbs-content":"","ast-featured-img":"","footer-sml-layout":"","theme-transparent-header-meta":"","adv-header-id-meta":"","stick-header-meta":"","header-above-stick-meta":"","header-main-stick-meta":"","header-below-stick-meta":"","astra-migrate-meta-layouts":"default","ast-page-background-enabled":"default","ast-page-background-meta":{"desktop":{"background-color":"var(--ast-global-color-4)","background-image":"","background-repeat":"repeat","background-position":"center center","background-size":"auto","background-attachment":"scroll","background-type":"","background-media":"","overlay-type":"","overlay-color":"","overlay-opacity":"","overlay-gradient":""},"tablet":{"background-color":"","background-image":"","background-repeat":"repeat","background-position":"center center","background-size":"auto","background-attachment":"scroll","background-type":"","background-media":"","overlay-type":"","overlay-color":"","overlay-opacity":"","overlay-gradient":""},"mobile":{"background-color":"","background-image":"","background-repeat":"repeat","background-position":"center center","background-size":"auto","background-attachment":"scroll","background-type":"","background-media":"","overlay-type":"","overlay-color":"","overlay-opacity":"","overlay-gradient":""}},"ast-content-background-meta":{"desktop":{"background-color":"var(--ast-global-color-5)","background-image":"","background-repeat":"repeat","background-position":"center center","background-size":"auto","background-attachment":"scroll","background-type":"","background-media":"","overlay-type":"","overlay-color":"","overlay-opacity":"","overlay-gradient":""},"tablet":{"background-color":"var(--ast-global-color-5)","background-image":"","background-repeat":"repeat","background-position":"center center","background-size":"auto","background-attachment":"scroll","background-type":"","background-media":"","overlay-type":"","overlay-color":"","overlay-opacity":"","overlay-gradient":""},"mobile":{"background-color":"var(--ast-global-color-5)","background-image":"","background-repeat":"repeat","background-position":"center center","background-size":"auto","background-attachment":"scroll","background-type":"","background-media":"","overlay-type":"","overlay-color":"","overlay-opacity":"","overlay-gradient":""}}},"product_brand":[39],"product_cat":[196],"product_tag":[177,170,171,152],"class_list":{"0":"post-1179","1":"product","2":"type-product","3":"status-publish","4":"has-post-thumbnail","6":"product_brand-ac-osornio","7":"product_cat-joyeria","8":"product_tag-aretes","9":"product_tag-chapa-de-oro","10":"product_tag-exclusivo","11":"product_tag-hecho-a-mano","12":"desktop-align-left","13":"tablet-align-left","14":"mobile-align-left","16":"first","17":"instock","18":"taxable","19":"shipping-taxable","20":"purchasable","21":"product-type-simple"},"uagb_featured_image_src":{"full":["https:\/\/www.1990boutiquemx.com.mx\/wp\/wp-content\/uploads\/2025\/08\/Corazon-trensado-e1755194326531.jpg",616,795,false],"thumbnail":["https:\/\/www.1990boutiquemx.com.mx\/wp\/wp-content\/uploads\/2025\/08\/Corazon-trensado-e1755194326531-150x150.jpg",150,150,true],"medium":["https:\/\/www.1990boutiquemx.com.mx\/wp\/wp-content\/uploads\/2025\/08\/Corazon-trensado-e1755194326531-232x300.jpg",232,300,true],"medium_large":["https:\/\/www.1990boutiquemx.com.mx\/wp\/wp-content\/uploads\/2025\/08\/Corazon-trensado-768x1024.jpg",768,1024,true],"large":["https:\/\/www.1990boutiquemx.com.mx\/wp\/wp-content\/uploads\/2025\/08\/Corazon-trensado-768x1024.jpg",768,1024,true],"1536x1536":["https:\/\/www.1990boutiquemx.com.mx\/wp\/wp-content\/uploads\/2025\/08\/Corazon-trensado-1152x1536.jpg",1152,1536,true],"2048x2048":["https:\/\/www.1990boutiquemx.com.mx\/wp\/wp-content\/uploads\/2025\/08\/Corazon-trensado-e1755194326531.jpg",616,795,false],"woocommerce_thumbnail":["https:\/\/www.1990boutiquemx.com.mx\/wp\/wp-content\/uploads\/2025\/08\/Corazon-trensado-e1755194326531-300x300.jpg",300,300,true],"woocommerce_single":["https:\/\/www.1990boutiquemx.com.mx\/wp\/wp-content\/uploads\/2025\/08\/Corazon-trensado-e1755194326531-600x774.jpg",600,774,true],"woocommerce_gallery_thumbnail":["https:\/\/www.1990boutiquemx.com.mx\/wp\/wp-content\/uploads\/2025\/08\/Corazon-trensado-e1755194326531-100x100.jpg",100,100,true]},"uagb_author_info":{"display_name":"Mangeel","author_link":"https:\/\/www.1990boutiquemx.com.mx\/wp\/author\/"},"uagb_comment_info":0,"uagb_excerpt":"Aretes artesanales con corazones trenzados, rom\u00e1nticos y \u00fanicos.","jetpack_sharing_enabled":true,"_links":{"self":[{"href":"https:\/\/www.1990boutiquemx.com.mx\/wp\/wp-json\/wp\/v2\/product\/1179","targetHints":{"allow":["GET"]}}],"collection":[{"href":"https:\/\/www.1990boutiquemx.com.mx\/wp\/wp-json\/wp\/v2\/product"}],"about":[{"href":"https:\/\/www.1990boutiquemx.com.mx\/wp\/wp-json\/wp\/v2\/types\/product"}],"replies":[{"embeddable":true,"href":"https:\/\/www.1990boutiquemx.com.mx\/wp\/wp-json\/wp\/v2\/comments?post=1179"}],"wp:featuredmedia":[{"embeddable":true,"href":"https:\/\/www.1990boutiquemx.com.mx\/wp\/wp-json\/wp\/v2\/media\/811"}],"wp:attachment":[{"href":"https:\/\/www.1990boutiquemx.com.mx\/wp\/wp-json\/wp\/v2\/media?parent=1179"}],"wp:term":[{"taxonomy":"product_brand","embeddable":true,"href":"https:\/\/www.1990boutiquemx.com.mx\/wp\/wp-json\/wp\/v2\/product_brand?post=1179"},{"taxonomy":"product_cat","embeddable":true,"href":"https:\/\/www.1990boutiquemx.com.mx\/wp\/wp-json\/wp\/v2\/product_cat?post=1179"},{"taxonomy":"product_tag","embeddable":true,"href":"https:\/\/www.1990boutiquemx.com.mx\/wp\/wp-json\/wp\/v2\/product_tag?post=1179"}],"curies":[{"name":"wp","href":"https:\/\/api.w.org\/{rel}","templated":true}]}}